{"id":22,"date":"2024-12-05T12:49:24","date_gmt":"2024-12-05T11:49:24","guid":{"rendered":"https:\/\/dogumkocu.se\/?page_id=22"},"modified":"2024-12-05T14:52:19","modified_gmt":"2024-12-05T13:52:19","slug":"hamilelikte-beslenme","status":"publish","type":"page","link":"https:\/\/dogumkocu.se\/?page_id=22","title":{"rendered":"Hamilelik"},"content":{"rendered":"\n<p>Hamilelik s\u0131ras\u0131nda, hem bebe\u011fin hem de annenin ihtiya\u00e7 duydu\u011fu besinleri alabilmesi i\u00e7in sa\u011fl\u0131kl\u0131 beslenmek \u00f6nemlidir.<\/p>\n\n\n\n<figure class=\"wp-block-image size-large\"><img loading=\"lazy\" decoding=\"async\" width=\"1024\" height=\"683\" src=\"https:\/\/dogumkocu.se\/wp-content\/uploads\/2024\/12\/Folsyra_shutterstock_1038118966-2-1024x683.jpg\" alt=\"\" class=\"wp-image-30\" srcset=\"https:\/\/dogumkocu.se\/wp-content\/uploads\/2024\/12\/Folsyra_shutterstock_1038118966-2-1024x683.jpg 1024w, https:\/\/dogumkocu.se\/wp-content\/uploads\/2024\/12\/Folsyra_shutterstock_1038118966-2-300x200.jpg 300w, https:\/\/dogumkocu.se\/wp-content\/uploads\/2024\/12\/Folsyra_shutterstock_1038118966-2-768x512.jpg 768w, https:\/\/dogumkocu.se\/wp-content\/uploads\/2024\/12\/Folsyra_shutterstock_1038118966-2-1536x1024.jpg 1536w, https:\/\/dogumkocu.se\/wp-content\/uploads\/2024\/12\/Folsyra_shutterstock_1038118966-2-2048x1365.jpg 2048w\" sizes=\"auto, (max-width: 1024px) 100vw, 1024px\" \/><\/figure>\n\n\n\n<p><\/p>\n","protected":false},"excerpt":{"rendered":"<p>Hamilelik s\u0131ras\u0131nda, hem bebe\u011fin hem de annenin ihtiya\u00e7 duydu\u011fu besinleri alabilmesi i\u00e7in sa\u011fl\u0131kl\u0131 beslenmek \u00f6nemlidir.<\/p>\n","protected":false},"author":1,"featured_media":0,"parent":19,"menu_order":1,"comment_status":"closed","ping_status":"closed","template":"","meta":{"_monsterinsights_skip_tracking":false,"_monsterinsights_sitenote_active":false,"_monsterinsights_sitenote_note":"","_monsterinsights_sitenote_category":0,"footnotes":""},"class_list":["post-22","page","type-page","status-publish","hentry"],"yoast_head":"<!-- This site is optimized with the Yoast SEO plugin v24.0 - https:\/\/yoast.com\/wordpress\/plugins\/seo\/ -->\n<title>Hamilelik - dogumkocu.se<\/title>\n<meta name=\"description\" content=\"Hamilelikte beslenme, folik asit nedir\" \/>\n<meta name=\"robots\" content=\"index, follow, max-snippet:-1, max-image-preview:large, max-video-preview:-1\" \/>\n<link rel=\"canonical\" href=\"https:\/\/dogumkocu.se\/?page_id=22\" \/>\n<meta property=\"og:locale\" content=\"sv_SE\" \/>\n<meta property=\"og:type\" content=\"article\" \/>\n<meta property=\"og:title\" content=\"Hamilelik - dogumkocu.se\" \/>\n<meta property=\"og:description\" content=\"Hamilelikte beslenme, folik asit nedir\" \/>\n<meta property=\"og:url\" content=\"https:\/\/dogumkocu.se\/?page_id=22\" \/>\n<meta property=\"og:site_name\" content=\"dogumkocu.se\" \/>\n<meta property=\"article:modified_time\" content=\"2024-12-05T13:52:19+00:00\" \/>\n<meta property=\"og:image\" content=\"https:\/\/dogumkocu.se\/wp-content\/uploads\/2024\/12\/Folsyra_shutterstock_1038118966-2-scaled.jpg\" \/>\n\t<meta property=\"og:image:width\" content=\"2560\" \/>\n\t<meta property=\"og:image:height\" content=\"1707\" \/>\n\t<meta property=\"og:image:type\" content=\"image\/jpeg\" \/>\n<meta name=\"twitter:card\" content=\"summary_large_image\" \/>\n<meta name=\"twitter:label1\" content=\"Est. reading time\" \/>\n\t<meta name=\"twitter:data1\" content=\"1 minut\" \/>\n<script type=\"application\/ld+json\" class=\"yoast-schema-graph\">{\"@context\":\"https:\/\/schema.org\",\"@graph\":[{\"@type\":\"WebPage\",\"@id\":\"https:\/\/dogumkocu.se\/?page_id=22\",\"url\":\"https:\/\/dogumkocu.se\/?page_id=22\",\"name\":\"Hamilelik - dogumkocu.se\",\"isPartOf\":{\"@id\":\"https:\/\/dogumkocu.se\/#website\"},\"primaryImageOfPage\":{\"@id\":\"https:\/\/dogumkocu.se\/?page_id=22#primaryimage\"},\"image\":{\"@id\":\"https:\/\/dogumkocu.se\/?page_id=22#primaryimage\"},\"thumbnailUrl\":\"https:\/\/dogumkocu.se\/wp-content\/uploads\/2024\/12\/Folsyra_shutterstock_1038118966-2-1024x683.jpg\",\"datePublished\":\"2024-12-05T11:49:24+00:00\",\"dateModified\":\"2024-12-05T13:52:19+00:00\",\"description\":\"Hamilelikte beslenme, folik asit nedir\",\"breadcrumb\":{\"@id\":\"https:\/\/dogumkocu.se\/?page_id=22#breadcrumb\"},\"inLanguage\":\"sv-SE\",\"potentialAction\":[{\"@type\":\"ReadAction\",\"target\":[\"https:\/\/dogumkocu.se\/?page_id=22\"]}]},{\"@type\":\"ImageObject\",\"inLanguage\":\"sv-SE\",\"@id\":\"https:\/\/dogumkocu.se\/?page_id=22#primaryimage\",\"url\":\"https:\/\/dogumkocu.se\/wp-content\/uploads\/2024\/12\/Folsyra_shutterstock_1038118966-2-scaled.jpg\",\"contentUrl\":\"https:\/\/dogumkocu.se\/wp-content\/uploads\/2024\/12\/Folsyra_shutterstock_1038118966-2-scaled.jpg\",\"width\":2560,\"height\":1707},{\"@type\":\"BreadcrumbList\",\"@id\":\"https:\/\/dogumkocu.se\/?page_id=22#breadcrumb\",\"itemListElement\":[{\"@type\":\"ListItem\",\"position\":1,\"name\":\"Home\",\"item\":\"https:\/\/dogumkocu.se\/\"},{\"@type\":\"ListItem\",\"position\":2,\"name\":\"Doktora gidelim\",\"item\":\"https:\/\/dogumkocu.se\/?page_id=19\"},{\"@type\":\"ListItem\",\"position\":3,\"name\":\"Hamilelik\"}]},{\"@type\":\"WebSite\",\"@id\":\"https:\/\/dogumkocu.se\/#website\",\"url\":\"https:\/\/dogumkocu.se\/\",\"name\":\"dogumkocu.se\",\"description\":\"\",\"potentialAction\":[{\"@type\":\"SearchAction\",\"target\":{\"@type\":\"EntryPoint\",\"urlTemplate\":\"https:\/\/dogumkocu.se\/?s={search_term_string}\"},\"query-input\":{\"@type\":\"PropertyValueSpecification\",\"valueRequired\":true,\"valueName\":\"search_term_string\"}}],\"inLanguage\":\"sv-SE\"}]}<\/script>\n<!-- \/ Yoast SEO plugin. -->","yoast_head_json":{"title":"Hamilelik - dogumkocu.se","description":"Hamilelikte beslenme, folik asit nedir","robots":{"index":"index","follow":"follow","max-snippet":"max-snippet:-1","max-image-preview":"max-image-preview:large","max-video-preview":"max-video-preview:-1"},"canonical":"https:\/\/dogumkocu.se\/?page_id=22","og_locale":"sv_SE","og_type":"article","og_title":"Hamilelik - dogumkocu.se","og_description":"Hamilelikte beslenme, folik asit nedir","og_url":"https:\/\/dogumkocu.se\/?page_id=22","og_site_name":"dogumkocu.se","article_modified_time":"2024-12-05T13:52:19+00:00","og_image":[{"width":2560,"height":1707,"url":"https:\/\/dogumkocu.se\/wp-content\/uploads\/2024\/12\/Folsyra_shutterstock_1038118966-2-scaled.jpg","type":"image\/jpeg"}],"twitter_card":"summary_large_image","twitter_misc":{"Est. reading time":"1 minut"},"schema":{"@context":"https:\/\/schema.org","@graph":[{"@type":"WebPage","@id":"https:\/\/dogumkocu.se\/?page_id=22","url":"https:\/\/dogumkocu.se\/?page_id=22","name":"Hamilelik - dogumkocu.se","isPartOf":{"@id":"https:\/\/dogumkocu.se\/#website"},"primaryImageOfPage":{"@id":"https:\/\/dogumkocu.se\/?page_id=22#primaryimage"},"image":{"@id":"https:\/\/dogumkocu.se\/?page_id=22#primaryimage"},"thumbnailUrl":"https:\/\/dogumkocu.se\/wp-content\/uploads\/2024\/12\/Folsyra_shutterstock_1038118966-2-1024x683.jpg","datePublished":"2024-12-05T11:49:24+00:00","dateModified":"2024-12-05T13:52:19+00:00","description":"Hamilelikte beslenme, folik asit nedir","breadcrumb":{"@id":"https:\/\/dogumkocu.se\/?page_id=22#breadcrumb"},"inLanguage":"sv-SE","potentialAction":[{"@type":"ReadAction","target":["https:\/\/dogumkocu.se\/?page_id=22"]}]},{"@type":"ImageObject","inLanguage":"sv-SE","@id":"https:\/\/dogumkocu.se\/?page_id=22#primaryimage","url":"https:\/\/dogumkocu.se\/wp-content\/uploads\/2024\/12\/Folsyra_shutterstock_1038118966-2-scaled.jpg","contentUrl":"https:\/\/dogumkocu.se\/wp-content\/uploads\/2024\/12\/Folsyra_shutterstock_1038118966-2-scaled.jpg","width":2560,"height":1707},{"@type":"BreadcrumbList","@id":"https:\/\/dogumkocu.se\/?page_id=22#breadcrumb","itemListElement":[{"@type":"ListItem","position":1,"name":"Home","item":"https:\/\/dogumkocu.se\/"},{"@type":"ListItem","position":2,"name":"Doktora gidelim","item":"https:\/\/dogumkocu.se\/?page_id=19"},{"@type":"ListItem","position":3,"name":"Hamilelik"}]},{"@type":"WebSite","@id":"https:\/\/dogumkocu.se\/#website","url":"https:\/\/dogumkocu.se\/","name":"dogumkocu.se","description":"","potentialAction":[{"@type":"SearchAction","target":{"@type":"EntryPoint","urlTemplate":"https:\/\/dogumkocu.se\/?s={search_term_string}"},"query-input":{"@type":"PropertyValueSpecification","valueRequired":true,"valueName":"search_term_string"}}],"inLanguage":"sv-SE"}]}},"_links":{"self":[{"href":"https:\/\/dogumkocu.se\/index.php?rest_route=\/wp\/v2\/pages\/22","targetHints":{"allow":["GET"]}}],"collection":[{"href":"https:\/\/dogumkocu.se\/index.php?rest_route=\/wp\/v2\/pages"}],"about":[{"href":"https:\/\/dogumkocu.se\/index.php?rest_route=\/wp\/v2\/types\/page"}],"author":[{"embeddable":true,"href":"https:\/\/dogumkocu.se\/index.php?rest_route=\/wp\/v2\/users\/1"}],"replies":[{"embeddable":true,"href":"https:\/\/dogumkocu.se\/index.php?rest_route=%2Fwp%2Fv2%2Fcomments&post=22"}],"version-history":[{"count":3,"href":"https:\/\/dogumkocu.se\/index.php?rest_route=\/wp\/v2\/pages\/22\/revisions"}],"predecessor-version":[{"id":58,"href":"https:\/\/dogumkocu.se\/index.php?rest_route=\/wp\/v2\/pages\/22\/revisions\/58"}],"up":[{"embeddable":true,"href":"https:\/\/dogumkocu.se\/index.php?rest_route=\/wp\/v2\/pages\/19"}],"wp:attachment":[{"href":"https:\/\/dogumkocu.se\/index.php?rest_route=%2Fwp%2Fv2%2Fmedia&parent=22"}],"curies":[{"name":"wp","href":"https:\/\/api.w.org\/{rel}","templated":true}]}}